{"id":10,"date":"2021-07-02T09:18:53","date_gmt":"2021-07-02T09:18:53","guid":{"rendered":"https:\/\/vastkustfolk.chs.chalmers.se\/?page_id=10"},"modified":"2025-09-30T13:46:00","modified_gmt":"2025-09-30T13:46:00","slug":"colibri-wp","status":"publish","type":"page","link":"https:\/\/vastkustfolk.chs.chalmers.se\/","title":{"rendered":"Front Page"},"content":{"rendered":"<div data-colibri-id=\"10-c1\" class=\"style-193 style-local-10-c1 position-relative\">\n  <!---->\n  <div data-colibri-component=\"section\" data-colibri-id=\"10-c2\" id=\"about\" class=\"h-section h-section-global-spacing d-flex align-items-lg-center align-items-md-center align-items-center style-194 style-local-10-c2 position-relative\">\n    <!---->\n    <!---->\n    <div class=\"h-section-grid-container h-section-fluid-container\">\n      <!---->\n      <div data-colibri-id=\"10-c3\" class=\"h-row-container gutters-row-lg-2 gutters-row-md-2 gutters-row-0 gutters-row-v-lg-2 gutters-row-v-md-2 gutters-row-v-2 style-239 style-local-10-c3 position-relative\">\n        <!---->\n        <div class=\"h-row justify-content-lg-center justify-content-md-center justify-content-center align-items-lg-stretch align-items-md-stretch align-items-stretch gutters-col-lg-2 gutters-col-md-2 gutters-col-0 gutters-col-v-lg-2 gutters-col-v-md-2 gutters-col-v-2\">\n          <!---->\n          <div class=\"h-column h-column-container d-flex h-col-lg-auto h-col-md-auto h-col-auto style-240-outer style-local-10-c4-outer\">\n            <div data-colibri-id=\"10-c4\" class=\"d-flex h-flex-basis h-column__inner h-px-lg-1 h-px-md-1 h-px-1 v-inner-lg-1 v-inner-md-1 v-inner-1 style-240 style-local-10-c4 position-relative\">\n              <!---->\n              <!---->\n              <div class=\"w-100 h-y-container h-column__content h-column__v-align flex-basis-100 align-self-lg-start align-self-md-start align-self-start\">\n                <!---->\n                <div data-colibri-id=\"10-c5\" class=\"style-250 style-local-10-c5 position-relative h-element\">\n                  <!---->\n                <\/div>\n                <div data-colibri-id=\"10-c6\" class=\"h-global-transition-all h-heading style-244 style-local-10-c6 position-relative h-element\">\n                  <!---->\n                  <div class=\"h-heading__outer style-244 style-local-10-c6\">\n                    <!---->\n                    <!---->\n                    <h4 class=\"\">Om oss<\/h4>\n                  <\/div>\n                <\/div>\n                <div data-colibri-id=\"10-c7\" class=\"h-text h-text-component style-245 style-local-10-c7 position-relative h-element\">\n                  <!---->\n                  <!---->\n                  <div class=\"\">\n                    <p><span style=\"font-weight: 400; color: rgb(23, 37, 42); font-family: Abel; font-size: 16px;\">Vi \u00e4r ett studentspelmanslag f\u00f6r universitetsstudenter i G\u00f6teborg, med h\u00f6gs\u00e4te p\u00e5 Chalmers. Vi repar en g\u00e5ng i veckan, p\u00e5 tisdagskv\u00e4llar, och fikar och jammar. Alla l\u00e5tar l\u00e4rs ut p\u00e5 geh\u00f6r. Ibland spelar vi till dans och hyr in g\u00e4stl\u00e4rare. V\u00e4stkustFolk riktar sig fr\u00e4mst till studenter och unga vuxna, eller de som nyligen har studerat eller k\u00e4nner att de passar in i ett studentsammanhang (man \u00e4r allts\u00e5 v\u00e4lkommen \u00e4ven om man inte h\u00f6r till universitetet) L\u00e5ter det kul? Kom och testa!<\/span><\/p>\n                    <p>\n                      <br>\n                    <\/p>\n                    <p>\n                      <br>\n                    <\/p>\n                    <p>ABOUT US\n                      <br>\n                      <br>We are a student folk ensemble for university students in Gothenburg, with main quarters at Chalmers. Vi rehearse once a week, on Tuesday nights, and eat fika and have jam sessions. All tunes are taught by ear. Sometimes we have\n                      gigs where we play to a dance floor and sometimes we have guest teachers. V\u00e4stkustFolk primarily targets students and young adults who are studying or have recently studied at university or if you feel that you would fit in a student\n                      community (you are welcome even if you don&#8217;t belong to a university) Does it sound like fun? Try it out!<\/p>\n                  <\/div>\n                <\/div>\n              <\/div>\n            <\/div>\n          <\/div>\n          <div class=\"h-column h-column-container d-flex h-col-lg-auto h-col-md-auto h-col-auto style-241-outer style-local-10-c8-outer\">\n            <div data-colibri-id=\"10-c8\" class=\"d-flex h-flex-basis h-column__inner h-px-lg-1 h-px-md-1 h-px-1 v-inner-lg-1 v-inner-md-1 v-inner-1 style-241 style-local-10-c8 position-relative\">\n              <!---->\n              <!---->\n              <div class=\"w-100 h-y-container h-column__content h-column__v-align flex-basis-100 align-self-lg-start align-self-md-start align-self-start\">\n                <!---->\n                <div data-colibri-id=\"10-c9\" class=\"style-251 style-local-10-c9 position-relative h-element\">\n                  <!---->\n                <\/div>\n                <div data-colibri-id=\"10-c10\" class=\"h-global-transition-all h-heading style-246 style-local-10-c10 position-relative h-element\">\n                  <!---->\n                  <div class=\"h-heading__outer style-246 style-local-10-c10\">\n                    <!---->\n                    <!---->\n                    <h4 class=\"\">Kontakt<\/h4>\n                  <\/div>\n                <\/div>\n                <div data-colibri-id=\"10-c11\" class=\"h-text h-text-component style-247 style-local-10-c11 position-relative h-element\">\n                  <!---->\n                  <!---->\n                  <div class=\"\">\n                    <p>vastkustfolk@gmail.com<\/p>\n                    <p>&nbsp;&nbsp;&nbsp;&nbsp;&nbsp;Eller kontakta v\u00e5r ordf\u00f6rande Jonna Mattsson p\u00e5:<\/p>\n                    <p>0762008134<\/p>\n                    <p>F\u00e5r du inget svar, skicka ett sms eller kontakta oss p\u00e5 v\u00e5r Instagram @vastkustfolk\n                      <br>\n                      <br>\n                    <\/p>\n                    <p>CONTACT<\/p>\n                    <p>vastkustfolk@gmail.com<\/p>\n                    <p>&nbsp;&nbsp;&nbsp;&nbsp;Or contact our chairman Jonna Mattsson at:<\/p>\n                    <p>0762008134<\/p>\n                    <p>Send a text if you don&#8217;t recieve any reply or contact us on our Instagram @vastkustfolk<\/p>\n                  <\/div>\n                <\/div>\n              <\/div>\n            <\/div>\n          <\/div>\n        <\/div>\n      <\/div>\n    <\/div>\n  <\/div>\n  <div data-colibri-component=\"section\" data-colibri-id=\"10-c12\" id=\"custom\" class=\"h-section h-section-global-spacing d-flex align-items-lg-center align-items-md-center align-items-center style-222 style-local-10-c12 position-relative\">\n    <!---->\n    <!---->\n    <div class=\"h-section-grid-container h-section-boxed-container\">\n      <!---->\n      <div data-colibri-id=\"10-c13\" class=\"h-row-container gutters-row-lg-0 gutters-row-md-0 gutters-row-0 gutters-row-v-lg-0 gutters-row-v-md-0 gutters-row-v-0 style-223 style-local-10-c13 position-relative\">\n        <!---->\n        <div class=\"h-row justify-content-lg-end justify-content-md-end justify-content-end align-items-lg-stretch align-items-md-stretch align-items-stretch gutters-col-lg-0 gutters-col-md-0 gutters-col-0 gutters-col-v-lg-0 gutters-col-v-md-0 gutters-col-v-0\">\n          <!---->\n          <div class=\"h-column h-column-container d-flex h-col-lg-auto h-col-md-auto h-col-auto style-236-outer style-local-10-c14-outer\">\n            <div data-colibri-id=\"10-c14\" class=\"d-flex h-flex-basis h-column__inner h-px-lg-0 h-px-md-0 h-px-0 v-inner-lg-0 v-inner-md-0 v-inner-0 style-236 style-local-10-c14 position-relative\">\n              <!---->\n              <!---->\n              <div class=\"w-100 h-y-container h-column__content h-column__v-align flex-basis-100 align-self-lg-start align-self-md-start align-self-start\">\n                <!---->\n                <div data-colibri-id=\"10-c15\" class=\"h-icon style-228 style-local-10-c15 position-relative h-element\">\n                  <!---->\n                  <a href=\"https:\/\/www.facebook.com\/vastkustfolk\" h-use-smooth-scroll=\"true\"><span class=\"h-svg-icon h-icon__icon style-228-icon style-local-10-c15-icon\"><!--Icon by Font Awesome (https:\/\/fontawesome.com)-->\n    <svg version=\"1.1\" xmlns=\"http:\/\/www.w3.org\/2000\/svg\" xmlns:xlink=\"http:\/\/www.w3.org\/1999\/xlink\" id=\"facebook-square\" viewBox=\"0 0 1536 1896.0833\">\n      <path d=\"M1248 128q119 0 203.5 84.5T1536 416v960q0 119-84.5 203.5T1248 1664h-188v-595h199l30-232h-229V689q0-56 23.5-84t91.5-28l122-1V369q-63-9-178-9-136 0-217.5 80T820 666v171H620v232h200v595H288q-119 0-203.5-84.5T0 1376V416q0-119 84.5-203.5T288 128h960z\"><\/path>\n    <\/svg><\/span><\/a>\n                <\/div>\n              <\/div>\n            <\/div>\n          <\/div>\n          <div class=\"h-column h-column-container d-flex h-col-lg-auto h-col-md-auto h-col-auto style-237-outer style-local-10-c16-outer\">\n            <div data-colibri-id=\"10-c16\" class=\"d-flex h-flex-basis h-column__inner h-px-lg-0 h-px-md-0 h-px-0 v-inner-lg-0 v-inner-md-0 v-inner-0 style-237 style-local-10-c16 position-relative\">\n              <!---->\n              <!---->\n              <div class=\"w-100 h-y-container h-column__content h-column__v-align flex-basis-100 align-self-lg-center align-self-md-center align-self-center\">\n                <!---->\n                <div data-colibri-id=\"10-c17\" class=\"h-icon style-226 style-local-10-c17 position-relative h-element\">\n                  <!---->\n                  <a href=\"https:\/\/www.instagram.com\/vastkustfolk\/\" h-use-smooth-scroll=\"true\"><span class=\"h-svg-icon h-icon__icon style-226-icon style-local-10-c17-icon\"><!--Icon by Font Awesome (https:\/\/fontawesome.com)-->\n    <svg version=\"1.1\" xmlns=\"http:\/\/www.w3.org\/2000\/svg\" xmlns:xlink=\"http:\/\/www.w3.org\/1999\/xlink\" id=\"instagram\" viewBox=\"0 0 1536 1896.0833\">\n      <path d=\"M1024 896q0-106-75-181t-181-75-181 75-75 181 75 181 181 75 181-75 75-181zm138 0q0 164-115 279t-279 115-279-115-115-279 115-279 279-115 279 115 115 279zm108-410q0 38-27 65t-65 27-65-27-27-65 27-65 65-27 65 27 27 65zM768 266q-7 0-76.5-.5t-105.5 0-96.5 3-103 10T315 297q-50 20-88 58t-58 88q-11 29-18.5 71.5t-10 103-3 96.5 0 105.5.5 76.5-.5 76.5 0 105.5 3 96.5 10 103T169 1349q20 50 58 88t88 58q29 11 71.5 18.5t103 10 96.5 3 105.5 0 76.5-.5 76.5.5 105.5 0 96.5-3 103-10 71.5-18.5q50-20 88-58t58-88q11-29 18.5-71.5t10-103 3-96.5 0-105.5-.5-76.5.5-76.5 0-105.5-3-96.5-10-103T1367 443q-20-50-58-88t-88-58q-29-11-71.5-18.5t-103-10-96.5-3-105.5 0-76.5.5zm768 630q0 229-5 317-10 208-124 322t-322 124q-88 5-317 5t-317-5q-208-10-322-124T5 1213q-5-88-5-317t5-317q10-208 124-322t322-124q88-5 317-5t317 5q208 10 322 124t124 322q5 88 5 317z\"><\/path>\n    <\/svg><\/span><\/a>\n                <\/div>\n              <\/div>\n            <\/div>\n          <\/div>\n        <\/div>\n      <\/div>\n    <\/div>\n  <\/div>\n<\/div>","protected":false},"excerpt":{"rendered":"<p>Om oss Vi \u00e4r ett studentspelmanslag f\u00f6r universitetsstudenter i G\u00f6teborg, med h\u00f6gs\u00e4te p\u00e5 Chalmers. Vi repar en g\u00e5ng i veckan, p\u00e5 tisdagskv\u00e4llar, och fikar och jammar. Alla l\u00e5tar l\u00e4rs ut p\u00e5 geh\u00f6r. Ibland spelar vi till dans och hyr in g\u00e4stl\u00e4rare. V\u00e4stkustFolk riktar sig fr\u00e4mst till studenter och unga vuxna, eller de som nyligen har [&hellip;]<\/p>\n","protected":false},"author":1,"featured_media":0,"parent":0,"menu_order":0,"comment_status":"closed","ping_status":"closed","template":"page-templates\/homepage.php","meta":{"footnotes":""},"class_list":["post-10","page","type-page","status-publish","hentry"],"yoast_head":"<!-- This site is optimized with the Yoast SEO plugin v25.6 - https:\/\/yoast.com\/wordpress\/plugins\/seo\/ -->\n<title>Front Page - G\u00f6teborgs Studentspelmanslag<\/title>\n<meta name=\"robots\" content=\"index, follow, max-snippet:-1, max-image-preview:large, max-video-preview:-1\" \/>\n<link rel=\"canonical\" href=\"https:\/\/vastkustfolk.chs.chalmers.se\/\" \/>\n<meta property=\"og:locale\" content=\"sv_SE\" \/>\n<meta property=\"og:type\" content=\"article\" \/>\n<meta property=\"og:title\" content=\"Front Page - G\u00f6teborgs Studentspelmanslag\" \/>\n<meta property=\"og:description\" content=\"Om oss Vi \u00e4r ett studentspelmanslag f\u00f6r universitetsstudenter i G\u00f6teborg, med h\u00f6gs\u00e4te p\u00e5 Chalmers. Vi repar en g\u00e5ng i veckan, p\u00e5 tisdagskv\u00e4llar, och fikar och jammar. Alla l\u00e5tar l\u00e4rs ut p\u00e5 geh\u00f6r. Ibland spelar vi till dans och hyr in g\u00e4stl\u00e4rare. V\u00e4stkustFolk riktar sig fr\u00e4mst till studenter och unga vuxna, eller de som nyligen har [&hellip;]\" \/>\n<meta property=\"og:url\" content=\"https:\/\/vastkustfolk.chs.chalmers.se\/\" \/>\n<meta property=\"og:site_name\" content=\"G\u00f6teborgs Studentspelmanslag\" \/>\n<meta property=\"article:modified_time\" content=\"2025-09-30T13:46:00+00:00\" \/>\n<meta name=\"twitter:card\" content=\"summary_large_image\" \/>\n<meta name=\"twitter:label1\" content=\"Ber\u00e4knad l\u00e4stid\" \/>\n\t<meta name=\"twitter:data1\" content=\"1 minut\" \/>\n<script type=\"application\/ld+json\" class=\"yoast-schema-graph\">{\"@context\":\"https:\/\/schema.org\",\"@graph\":[{\"@type\":\"WebPage\",\"@id\":\"https:\/\/vastkustfolk.chs.chalmers.se\/\",\"url\":\"https:\/\/vastkustfolk.chs.chalmers.se\/\",\"name\":\"Front Page - G\u00f6teborgs Studentspelmanslag\",\"isPartOf\":{\"@id\":\"https:\/\/vastkustfolk.chs.chalmers.se\/#website\"},\"datePublished\":\"2021-07-02T09:18:53+00:00\",\"dateModified\":\"2025-09-30T13:46:00+00:00\",\"breadcrumb\":{\"@id\":\"https:\/\/vastkustfolk.chs.chalmers.se\/#breadcrumb\"},\"inLanguage\":\"sv-SE\",\"potentialAction\":[{\"@type\":\"ReadAction\",\"target\":[\"https:\/\/vastkustfolk.chs.chalmers.se\/\"]}]},{\"@type\":\"BreadcrumbList\",\"@id\":\"https:\/\/vastkustfolk.chs.chalmers.se\/#breadcrumb\",\"itemListElement\":[{\"@type\":\"ListItem\",\"position\":1,\"name\":\"Home\",\"item\":\"https:\/\/vastkustfolk.chs.chalmers.se\/\"},{\"@type\":\"ListItem\",\"position\":2,\"name\":\"Front Page\"}]},{\"@type\":\"WebSite\",\"@id\":\"https:\/\/vastkustfolk.chs.chalmers.se\/#website\",\"url\":\"https:\/\/vastkustfolk.chs.chalmers.se\/\",\"name\":\"G\u00f6teborgs Studentspelmanslag\",\"description\":\"V\u00e4stkustFolk\",\"publisher\":{\"@id\":\"https:\/\/vastkustfolk.chs.chalmers.se\/#organization\"},\"potentialAction\":[{\"@type\":\"SearchAction\",\"target\":{\"@type\":\"EntryPoint\",\"urlTemplate\":\"https:\/\/vastkustfolk.chs.chalmers.se\/?s={search_term_string}\"},\"query-input\":{\"@type\":\"PropertyValueSpecification\",\"valueRequired\":true,\"valueName\":\"search_term_string\"}}],\"inLanguage\":\"sv-SE\"},{\"@type\":\"Organization\",\"@id\":\"https:\/\/vastkustfolk.chs.chalmers.se\/#organization\",\"name\":\"G\u00f6teborgs Studentspelmanslag\",\"url\":\"https:\/\/vastkustfolk.chs.chalmers.se\/\",\"logo\":{\"@type\":\"ImageObject\",\"inLanguage\":\"sv-SE\",\"@id\":\"https:\/\/vastkustfolk.chs.chalmers.se\/#\/schema\/logo\/image\/\",\"url\":\"https:\/\/vastkustfolk.chs.chalmers.se\/wp-content\/uploads\/2021\/06\/cropped-logga_1.jpg\",\"contentUrl\":\"https:\/\/vastkustfolk.chs.chalmers.se\/wp-content\/uploads\/2021\/06\/cropped-logga_1.jpg\",\"width\":1316,\"height\":488,\"caption\":\"G\u00f6teborgs Studentspelmanslag\"},\"image\":{\"@id\":\"https:\/\/vastkustfolk.chs.chalmers.se\/#\/schema\/logo\/image\/\"}}]}<\/script>\n<!-- \/ Yoast SEO plugin. -->","yoast_head_json":{"title":"Front Page - G\u00f6teborgs Studentspelmanslag","robots":{"index":"index","follow":"follow","max-snippet":"max-snippet:-1","max-image-preview":"max-image-preview:large","max-video-preview":"max-video-preview:-1"},"canonical":"https:\/\/vastkustfolk.chs.chalmers.se\/","og_locale":"sv_SE","og_type":"article","og_title":"Front Page - G\u00f6teborgs Studentspelmanslag","og_description":"Om oss Vi \u00e4r ett studentspelmanslag f\u00f6r universitetsstudenter i G\u00f6teborg, med h\u00f6gs\u00e4te p\u00e5 Chalmers. Vi repar en g\u00e5ng i veckan, p\u00e5 tisdagskv\u00e4llar, och fikar och jammar. Alla l\u00e5tar l\u00e4rs ut p\u00e5 geh\u00f6r. Ibland spelar vi till dans och hyr in g\u00e4stl\u00e4rare. V\u00e4stkustFolk riktar sig fr\u00e4mst till studenter och unga vuxna, eller de som nyligen har [&hellip;]","og_url":"https:\/\/vastkustfolk.chs.chalmers.se\/","og_site_name":"G\u00f6teborgs Studentspelmanslag","article_modified_time":"2025-09-30T13:46:00+00:00","twitter_card":"summary_large_image","twitter_misc":{"Ber\u00e4knad l\u00e4stid":"1 minut"},"schema":{"@context":"https:\/\/schema.org","@graph":[{"@type":"WebPage","@id":"https:\/\/vastkustfolk.chs.chalmers.se\/","url":"https:\/\/vastkustfolk.chs.chalmers.se\/","name":"Front Page - G\u00f6teborgs Studentspelmanslag","isPartOf":{"@id":"https:\/\/vastkustfolk.chs.chalmers.se\/#website"},"datePublished":"2021-07-02T09:18:53+00:00","dateModified":"2025-09-30T13:46:00+00:00","breadcrumb":{"@id":"https:\/\/vastkustfolk.chs.chalmers.se\/#breadcrumb"},"inLanguage":"sv-SE","potentialAction":[{"@type":"ReadAction","target":["https:\/\/vastkustfolk.chs.chalmers.se\/"]}]},{"@type":"BreadcrumbList","@id":"https:\/\/vastkustfolk.chs.chalmers.se\/#breadcrumb","itemListElement":[{"@type":"ListItem","position":1,"name":"Home","item":"https:\/\/vastkustfolk.chs.chalmers.se\/"},{"@type":"ListItem","position":2,"name":"Front Page"}]},{"@type":"WebSite","@id":"https:\/\/vastkustfolk.chs.chalmers.se\/#website","url":"https:\/\/vastkustfolk.chs.chalmers.se\/","name":"G\u00f6teborgs Studentspelmanslag","description":"V\u00e4stkustFolk","publisher":{"@id":"https:\/\/vastkustfolk.chs.chalmers.se\/#organization"},"potentialAction":[{"@type":"SearchAction","target":{"@type":"EntryPoint","urlTemplate":"https:\/\/vastkustfolk.chs.chalmers.se\/?s={search_term_string}"},"query-input":{"@type":"PropertyValueSpecification","valueRequired":true,"valueName":"search_term_string"}}],"inLanguage":"sv-SE"},{"@type":"Organization","@id":"https:\/\/vastkustfolk.chs.chalmers.se\/#organization","name":"G\u00f6teborgs Studentspelmanslag","url":"https:\/\/vastkustfolk.chs.chalmers.se\/","logo":{"@type":"ImageObject","inLanguage":"sv-SE","@id":"https:\/\/vastkustfolk.chs.chalmers.se\/#\/schema\/logo\/image\/","url":"https:\/\/vastkustfolk.chs.chalmers.se\/wp-content\/uploads\/2021\/06\/cropped-logga_1.jpg","contentUrl":"https:\/\/vastkustfolk.chs.chalmers.se\/wp-content\/uploads\/2021\/06\/cropped-logga_1.jpg","width":1316,"height":488,"caption":"G\u00f6teborgs Studentspelmanslag"},"image":{"@id":"https:\/\/vastkustfolk.chs.chalmers.se\/#\/schema\/logo\/image\/"}}]}},"jetpack_sharing_enabled":true,"_links":{"self":[{"href":"https:\/\/vastkustfolk.chs.chalmers.se\/index.php?rest_route=\/wp\/v2\/pages\/10"}],"collection":[{"href":"https:\/\/vastkustfolk.chs.chalmers.se\/index.php?rest_route=\/wp\/v2\/pages"}],"about":[{"href":"https:\/\/vastkustfolk.chs.chalmers.se\/index.php?rest_route=\/wp\/v2\/types\/page"}],"author":[{"embeddable":true,"href":"https:\/\/vastkustfolk.chs.chalmers.se\/index.php?rest_route=\/wp\/v2\/users\/1"}],"replies":[{"embeddable":true,"href":"https:\/\/vastkustfolk.chs.chalmers.se\/index.php?rest_route=%2Fwp%2Fv2%2Fcomments&post=10"}],"version-history":[{"count":20,"href":"https:\/\/vastkustfolk.chs.chalmers.se\/index.php?rest_route=\/wp\/v2\/pages\/10\/revisions"}],"predecessor-version":[{"id":563,"href":"https:\/\/vastkustfolk.chs.chalmers.se\/index.php?rest_route=\/wp\/v2\/pages\/10\/revisions\/563"}],"wp:attachment":[{"href":"https:\/\/vastkustfolk.chs.chalmers.se\/index.php?rest_route=%2Fwp%2Fv2%2Fmedia&parent=10"}],"curies":[{"name":"wp","href":"https:\/\/api.w.org\/{rel}","templated":true}]}}